{"id":1992,"date":"2019-11-27T10:40:35","date_gmt":"2019-11-27T09:40:35","guid":{"rendered":"https:\/\/www.delucapartners.it\/diversity-e-opportunity\/"},"modified":"2025-07-24T15:31:58","modified_gmt":"2025-07-24T13:31:58","slug":"diversite-et-egalite-des-chances","status":"publish","type":"page","link":"https:\/\/testing.delucapartners.it\/fr\/durabilite-sociale\/","title":{"rendered":"Durabilit\u00e9 sociale"},"content":{"rendered":"\n<p>De Luca &amp; Partners a toujours cru au partage de valeurs \u00e0 long terme et, avec un projet \u00e9coresponsable, il s\u2019engage \u00e0 sensibiliser ses employ\u00e9s et collaborateurs aux questions environnementales et \u00e0 demeurer un Cabinet durable.<\/p>\n\n\n\n<p>En particulier, De Luca &amp; Partners a choisi d\u2019adopter des comportements \u00e9cologiques responsables dans son environnement de travail, en am\u00e9liorant ainsi non seulement les conditions environnementales, mais aussi la productivit\u00e9, tout en r\u00e9duisant les d\u00e9chets et les d\u00e9penses.<\/p>\n\n\n\n<p>C\u2019est pourquoi De Luca &amp; Partners promeut une s\u00e9rie de mesures afin que toute l\u2019\u00e9quipe puisse adopter une bonne politique de durabilit\u00e9 environnementale:<\/p>\n\n\n\n<ul class=\"wp-block-list\">\n<li>collecte s\u00e9lective<\/li>\n\n\n\n<li>r\u00e9duction de la consommation de papier gr\u00e2ce \u00e0 l\u2019archivage en ligne des factures<\/li>\n\n\n\n<li>utilisation de papier recycl\u00e9 pour les imprimantes<\/li>\n\n\n\n<li>\u00e9conomie d\u2019\u00e9nergie gr\u00e2ce \u00e0 l\u2019utilisation de lampes LED<\/li>\n\n\n\n<li>consommation responsable de chauffage et de climatisation<\/li>\n\n\n\n<li>utilisation de distributeurs d\u2019eau plate<\/li>\n\n\n\n<li>utilisation de syst\u00e8mes hydrauliques \u00e0 haut rendement<\/li>\n\n\n\n<li>r\u00e9seau de fournisseurs de produits certifi\u00e9s par le label \u00e9cologique de l\u2019UE<\/li>\n\n\n\n<li>plantes positionn\u00e9es \u00e0 des endroits strat\u00e9giques<\/li>\n\n\n\n<li>promotion de l\u2019utilisation des transports publics et des d\u00e9placements \u00e0 pied.<\/li>\n<\/ul>\n\n\n\n<p>De Luca &amp; Partners s\u2019engage \u00e0 soutenir les valeurs de diversit\u00e9 et d\u2019inclusion \u00e0 travers l\u2019adoption de processus organisationnels et de gestion fond\u00e9s sur le respect des droits et des libert\u00e9s individuelles.<br>Le cabinet agit avec impartialit\u00e9 et n\u2019admet aucune forme de discrimination directe ou indirecte fond\u00e9e sur la race, la religion, la couleur, l\u2019origine ethnique ou nationale, l\u2019\u00e2ge, le handicap, l\u2019orientation sexuelle, les opinions politiques, le sexe ou l\u2019\u00e9tat civil, selon une strat\u00e9gie visant \u00e0 d\u00e9passer tout st\u00e9r\u00e9otype culturel.<\/p>\n\n\n\n<p>Il favorise \u00e9galement les conditions permettant l\u2019expression pleine des individus et leur valorisation compl\u00e8te au sein de l\u2019organisation, en adoptant des proc\u00e9dures internes sp\u00e9cifiques et en veillant \u00e0 leur respect.<\/p>\n\n\n\n<p>De Luca &amp; Partners a toujours cr\u00e9\u00e9 les conditions n\u00e9cessaires \u00e0 la valorisation des femmes dans le monde du travail, qui repr\u00e9sentent aujourd\u2019hui plus de 60 % des professionnels du cabinet. Tous b\u00e9n\u00e9ficient des m\u00eames opportunit\u00e9s de carri\u00e8re, et la politique de r\u00e9mun\u00e9ration de De Luca &amp; Partners repose sur les principes d\u2019\u00e9galit\u00e9 des chances, de valorisation des comp\u00e9tences et du professionnalisme, d\u2019\u00e9quit\u00e9 et de non-discrimination.<\/p>\n\n\n\n<p>Le cabinet prot\u00e8ge et soutient la parentalit\u00e9 de ses employ\u00e9s et collaborateurs, en les accompagnant pendant et apr\u00e8s les p\u00e9riodes d\u2019absence, en \u00e9vitant toute forme de discrimination durant et apr\u00e8s le cong\u00e9, en maintenant le contact avec le cabinet pendant celui-ci et en facilitant leur r\u00e9int\u00e9gration \u00e0 son terme.<\/p>\n\n\n\n<p>De Luca &amp; Partners est \u00e9galement attentif au bien-\u00eatre de ses employ\u00e9s et collaborateurs, en offrant la possibilit\u00e9 de travailler \u00e0 distance et en proposant des solutions sp\u00e9cifiques pour garantir un \u00e9quilibre sain entre vie professionnelle et vie priv\u00e9e.<\/p>\n\n\n\n<p>De Luca &amp; Partners participe \u00e0 des initiatives solidaires et caritatives et soutient chaque ann\u00e9e l\u2019H\u00f4pital p\u00e9diatrique N.P.H. Saint Damien en Ha\u00efti et les enfants affect\u00e9s par le tremblement de terre dans le centre de l\u2019Italie, par le biais de la Fondation Francesca Rava et de l\u2019AIL \u2013 Associazione Italiana contro la Leucemia, linfomi e mieloma Onlus <em>[Association italienne contre la leuc\u00e9mie, le lymphome et le my\u00e9lome Onlus]<\/em>. De plus, De Luca &amp; Partners est partenaire de&nbsp;<a href=\"https:\/\/roadjob.it\/\">RoadJob<\/a>&nbsp;(un r\u00e9seau qui promeut une nouvelle relation entre l\u2019industrie, le territoire et le tissu social).&nbsp;<\/p>\n\n\n\n<p>De Luca &amp; Partners a \u00e9galement adopt\u00e9 un Code d\u2019\u00e9thique (le<strong><em>&nbsp;\u00ab&nbsp;Code&nbsp;\u00bb<\/em><\/strong>) qui \u00e9nonce les valeurs et les principes qui ont toujours inspir\u00e9 son identit\u00e9 et sa conduite. Le Code s\u2019applique aux partners, collaborateurs, employ\u00e9s, clients et fournisseurs du Cabinet et int\u00e8gre les r\u00e8gles de droit et celles dict\u00e9es par les codes de conduite et de d\u00e9ontologie en vigueur.<\/p>\n\n\n\n<p>Toute personne souhaitant le consulter peut en faire la demande par courrier \u00e9lectronique \u00e0 l\u2019adresse suivante:&nbsp;<a href=\"mailto:info@delucapartners.it\" target=\"_blank\" rel=\"noreferrer noopener\">info@delucapartners.it<\/a><\/p>\n","protected":false},"excerpt":{"rendered":"<p>De Luca &amp; Partners a toujours cru au partage de valeurs \u00e0 long terme et, avec un projet \u00e9coresponsable, il s\u2019engage \u00e0 sensibiliser ses employ\u00e9s et collaborateurs aux questions environnementales et \u00e0 demeurer un Cabinet durable. En particulier, De Luca &amp; Partners a choisi d\u2019adopter des comportements \u00e9cologiques responsables dans son environnement de travail, en &#8230;.<\/p>\n","protected":false},"author":1,"featured_media":0,"parent":0,"menu_order":0,"comment_status":"closed","ping_status":"closed","template":"","meta":{"_acf_changed":false,"footnotes":""},"class_list":["post-1992","page","type-page","status-publish","hentry"],"acf":[],"yoast_head":"<!-- This site is optimized with the Yoast SEO plugin v27.6 - https:\/\/yoast.com\/product\/yoast-seo-wordpress\/ -->\n<title>Durabilit\u00e9 sociale - De Luca &amp; Partners<\/title>\n<meta name=\"robots\" content=\"noindex, follow, max-snippet:-1, max-image-preview:large, max-video-preview:-1\" \/>\n<meta property=\"og:locale\" content=\"fr_FR\" \/>\n<meta property=\"og:type\" content=\"article\" \/>\n<meta property=\"og:title\" content=\"Durabilit\u00e9 sociale - De Luca &amp; Partners\" \/>\n<meta property=\"og:description\" content=\"De Luca &amp; Partners a toujours cru au partage de valeurs \u00e0 long terme et, avec un projet \u00e9coresponsable, il s\u2019engage \u00e0 sensibiliser ses employ\u00e9s et collaborateurs aux questions environnementales et \u00e0 demeurer un Cabinet durable. En particulier, De Luca &amp; Partners a choisi d\u2019adopter des comportements \u00e9cologiques responsables dans son environnement de travail, en ....\" \/>\n<meta property=\"og:url\" content=\"https:\/\/testing.delucapartners.it\/fr\/durabilite-sociale\/\" \/>\n<meta property=\"og:site_name\" content=\"De Luca &amp; Partners\" \/>\n<meta property=\"article:modified_time\" content=\"2025-07-24T13:31:58+00:00\" \/>\n<meta name=\"twitter:card\" content=\"summary_large_image\" \/>\n<meta name=\"twitter:label1\" content=\"Dur\u00e9e de lecture estim\u00e9e\" \/>\n\t<meta name=\"twitter:data1\" content=\"4 minutes\" \/>\n<script type=\"application\/ld+json\" class=\"yoast-schema-graph\">{\"@context\":\"https:\\\/\\\/schema.org\",\"@graph\":[{\"@type\":\"WebPage\",\"@id\":\"https:\\\/\\\/testing.delucapartners.it\\\/fr\\\/durabilite-sociale\\\/\",\"url\":\"https:\\\/\\\/testing.delucapartners.it\\\/fr\\\/durabilite-sociale\\\/\",\"name\":\"Durabilit\u00e9 sociale - De Luca &amp; Partners\",\"isPartOf\":{\"@id\":\"https:\\\/\\\/testing.delucapartners.it\\\/fr\\\/#website\"},\"datePublished\":\"2019-11-27T09:40:35+00:00\",\"dateModified\":\"2025-07-24T13:31:58+00:00\",\"breadcrumb\":{\"@id\":\"https:\\\/\\\/testing.delucapartners.it\\\/fr\\\/durabilite-sociale\\\/#breadcrumb\"},\"inLanguage\":\"fr-FR\",\"potentialAction\":[{\"@type\":\"ReadAction\",\"target\":[\"https:\\\/\\\/testing.delucapartners.it\\\/fr\\\/durabilite-sociale\\\/\"]}]},{\"@type\":\"BreadcrumbList\",\"@id\":\"https:\\\/\\\/testing.delucapartners.it\\\/fr\\\/durabilite-sociale\\\/#breadcrumb\",\"itemListElement\":[{\"@type\":\"ListItem\",\"position\":1,\"name\":\"Home\",\"item\":\"https:\\\/\\\/testing.delucapartners.it\\\/fr\\\/\"},{\"@type\":\"ListItem\",\"position\":2,\"name\":\"Durabilit\u00e9 sociale\"}]},{\"@type\":\"WebSite\",\"@id\":\"https:\\\/\\\/testing.delucapartners.it\\\/fr\\\/#website\",\"url\":\"https:\\\/\\\/testing.delucapartners.it\\\/fr\\\/\",\"name\":\"De Luca &amp; Partners\",\"description\":\"\",\"publisher\":{\"@id\":\"https:\\\/\\\/testing.delucapartners.it\\\/fr\\\/#organization\"},\"potentialAction\":[{\"@type\":\"SearchAction\",\"target\":{\"@type\":\"EntryPoint\",\"urlTemplate\":\"https:\\\/\\\/testing.delucapartners.it\\\/fr\\\/?s={search_term_string}\"},\"query-input\":{\"@type\":\"PropertyValueSpecification\",\"valueRequired\":true,\"valueName\":\"search_term_string\"}}],\"inLanguage\":\"fr-FR\"},{\"@type\":\"Organization\",\"@id\":\"https:\\\/\\\/testing.delucapartners.it\\\/fr\\\/#organization\",\"name\":\"De Luca & Partners\",\"url\":\"https:\\\/\\\/testing.delucapartners.it\\\/fr\\\/\",\"logo\":{\"@type\":\"ImageObject\",\"inLanguage\":\"fr-FR\",\"@id\":\"https:\\\/\\\/testing.delucapartners.it\\\/fr\\\/#\\\/schema\\\/logo\\\/image\\\/\",\"url\":\"https:\\\/\\\/testing.delucapartners.it\\\/wp-content\\\/uploads\\\/2022\\\/09\\\/Logo-De-Luca-Partners-extended@2x.png\",\"contentUrl\":\"https:\\\/\\\/testing.delucapartners.it\\\/wp-content\\\/uploads\\\/2022\\\/09\\\/Logo-De-Luca-Partners-extended@2x.png\",\"width\":733,\"height\":84,\"caption\":\"De Luca & Partners\"},\"image\":{\"@id\":\"https:\\\/\\\/testing.delucapartners.it\\\/fr\\\/#\\\/schema\\\/logo\\\/image\\\/\"}}]}<\/script>\n<!-- \/ Yoast SEO plugin. -->","yoast_head_json":{"title":"Durabilit\u00e9 sociale - De Luca &amp; Partners","robots":{"index":"noindex","follow":"follow","max-snippet":"max-snippet:-1","max-image-preview":"max-image-preview:large","max-video-preview":"max-video-preview:-1"},"og_locale":"fr_FR","og_type":"article","og_title":"Durabilit\u00e9 sociale - De Luca &amp; Partners","og_description":"De Luca &amp; Partners a toujours cru au partage de valeurs \u00e0 long terme et, avec un projet \u00e9coresponsable, il s\u2019engage \u00e0 sensibiliser ses employ\u00e9s et collaborateurs aux questions environnementales et \u00e0 demeurer un Cabinet durable. En particulier, De Luca &amp; Partners a choisi d\u2019adopter des comportements \u00e9cologiques responsables dans son environnement de travail, en ....","og_url":"https:\/\/testing.delucapartners.it\/fr\/durabilite-sociale\/","og_site_name":"De Luca &amp; Partners","article_modified_time":"2025-07-24T13:31:58+00:00","twitter_card":"summary_large_image","twitter_misc":{"Dur\u00e9e de lecture estim\u00e9e":"4 minutes"},"schema":{"@context":"https:\/\/schema.org","@graph":[{"@type":"WebPage","@id":"https:\/\/testing.delucapartners.it\/fr\/durabilite-sociale\/","url":"https:\/\/testing.delucapartners.it\/fr\/durabilite-sociale\/","name":"Durabilit\u00e9 sociale - De Luca &amp; Partners","isPartOf":{"@id":"https:\/\/testing.delucapartners.it\/fr\/#website"},"datePublished":"2019-11-27T09:40:35+00:00","dateModified":"2025-07-24T13:31:58+00:00","breadcrumb":{"@id":"https:\/\/testing.delucapartners.it\/fr\/durabilite-sociale\/#breadcrumb"},"inLanguage":"fr-FR","potentialAction":[{"@type":"ReadAction","target":["https:\/\/testing.delucapartners.it\/fr\/durabilite-sociale\/"]}]},{"@type":"BreadcrumbList","@id":"https:\/\/testing.delucapartners.it\/fr\/durabilite-sociale\/#breadcrumb","itemListElement":[{"@type":"ListItem","position":1,"name":"Home","item":"https:\/\/testing.delucapartners.it\/fr\/"},{"@type":"ListItem","position":2,"name":"Durabilit\u00e9 sociale"}]},{"@type":"WebSite","@id":"https:\/\/testing.delucapartners.it\/fr\/#website","url":"https:\/\/testing.delucapartners.it\/fr\/","name":"De Luca &amp; Partners","description":"","publisher":{"@id":"https:\/\/testing.delucapartners.it\/fr\/#organization"},"potentialAction":[{"@type":"SearchAction","target":{"@type":"EntryPoint","urlTemplate":"https:\/\/testing.delucapartners.it\/fr\/?s={search_term_string}"},"query-input":{"@type":"PropertyValueSpecification","valueRequired":true,"valueName":"search_term_string"}}],"inLanguage":"fr-FR"},{"@type":"Organization","@id":"https:\/\/testing.delucapartners.it\/fr\/#organization","name":"De Luca & Partners","url":"https:\/\/testing.delucapartners.it\/fr\/","logo":{"@type":"ImageObject","inLanguage":"fr-FR","@id":"https:\/\/testing.delucapartners.it\/fr\/#\/schema\/logo\/image\/","url":"https:\/\/testing.delucapartners.it\/wp-content\/uploads\/2022\/09\/Logo-De-Luca-Partners-extended@2x.png","contentUrl":"https:\/\/testing.delucapartners.it\/wp-content\/uploads\/2022\/09\/Logo-De-Luca-Partners-extended@2x.png","width":733,"height":84,"caption":"De Luca & Partners"},"image":{"@id":"https:\/\/testing.delucapartners.it\/fr\/#\/schema\/logo\/image\/"}}]}},"_links":{"self":[{"href":"https:\/\/testing.delucapartners.it\/fr\/wp-json\/wp\/v2\/pages\/1992","targetHints":{"allow":["GET"]}}],"collection":[{"href":"https:\/\/testing.delucapartners.it\/fr\/wp-json\/wp\/v2\/pages"}],"about":[{"href":"https:\/\/testing.delucapartners.it\/fr\/wp-json\/wp\/v2\/types\/page"}],"author":[{"embeddable":true,"href":"https:\/\/testing.delucapartners.it\/fr\/wp-json\/wp\/v2\/users\/1"}],"replies":[{"embeddable":true,"href":"https:\/\/testing.delucapartners.it\/fr\/wp-json\/wp\/v2\/comments?post=1992"}],"version-history":[{"count":13,"href":"https:\/\/testing.delucapartners.it\/fr\/wp-json\/wp\/v2\/pages\/1992\/revisions"}],"predecessor-version":[{"id":20839,"href":"https:\/\/testing.delucapartners.it\/fr\/wp-json\/wp\/v2\/pages\/1992\/revisions\/20839"}],"wp:attachment":[{"href":"https:\/\/testing.delucapartners.it\/fr\/wp-json\/wp\/v2\/media?parent=1992"}],"curies":[{"name":"wp","href":"https:\/\/api.w.org\/{rel}","templated":true}]}}