{"id":12209,"date":"2021-10-29T14:55:41","date_gmt":"2021-10-29T12:55:41","guid":{"rendered":"https:\/\/www.delucapartners.it\/?page_id=12209"},"modified":"2024-07-04T10:38:33","modified_gmt":"2024-07-04T08:38:33","slug":"professionnels","status":"publish","type":"page","link":"https:\/\/testing.delucapartners.it\/fr\/professionnels\/","title":{"rendered":"Professionnels"},"content":{"rendered":"\n<h2 class=\"wp-block-heading\">DE LUCA &amp; PARTNERS : DES AVOCATS IND\u00c9PENDANTS SP\u00c9CIALIS\u00c9S DANS LE DROIT DU TRAVAIL POUR LES ENTREPRISES. BAS\u00c9 \u00c0 MILAN, PR\u00c9SENT DANS TOUTE L&rsquo;ITALIE<\/h2>\n\n\n\n<p>Le Cabinet De Luca &amp; Partners est une r\u00e9f\u00e9rence en mati\u00e8re de droit du travail pour les entreprises depuis pr\u00e8s de 50 ans.<br><br>Le Cabinet De Luca &amp; Partners, gr\u00e2ce \u00e0 une \u00c9quipe d&rsquo;avocats chevronn\u00e9s en droit du travail, fournit des conseils et une assistance compl\u00e8te sur toutes les questions relatives aux relations de travail, depuis la n\u00e9gociation et la r\u00e9daction des contrats de travail jusqu&rsquo;\u00e0 la modification et la r\u00e9siliation de la relation de travail concern\u00e9e, ainsi qu&rsquo;en mati\u00e8re de<a href=\"https:\/\/testing.delucapartners.it\/fr\/domaines-dactivites\/conformite-responsabilite-administrative-des-personnes-morales-decret-legislatif-italien-n-231-01\/\" target=\"_blank\" rel=\"noreferrer noopener\"> sant\u00e9 et de s\u00e9curit\u00e9 au travail, droit des agences, responsabilit\u00e9 administrative des entreprises<\/a> (D\u00e9cret-l\u00e9gislatif italien n\u00b0 231\/01) et protection de la vie priv\u00e9e.<br><br>Plus pr\u00e9cis\u00e9ment, les avocats sp\u00e9cialis\u00e9s en droit du travail de De Luca &amp; Partners fournissent une assistance juridique dans diff\u00e9rents domaines:<\/p>\n\n\n\n<ul class=\"wp-block-list\">\n<li>pr\u00e9paration de<a href=\"https:\/\/testing.delucapartners.it\/fr\/domaines-dactivites\/contrats-de-travail-independant-et-parasubordonnes\/\" target=\"_blank\" rel=\"noreferrer noopener\"> contrats de travail para-subordonn\u00e9s\/autonomes<\/a> et gestion de la relation connexe, de son \u00e9tablissement \u00e0 sa r\u00e9siliation ;<\/li>\n\n\n\n<li>pr\u00e9paration de <a href=\"https:\/\/testing.delucapartners.it\/fr\/domaines-dactivites\/droit-du-travail\/\" target=\"_blank\" rel=\"noreferrer noopener\">contrats de travail pour chaque cat\u00e9gorie d&#8217;employ\u00e9s<\/a> (salari\u00e9s, employ\u00e9s, cadres et dirigeants) et des clauses sp\u00e9ciales (pacte de non-concurrence et pacte de stabilit\u00e9, par exemple) ;<\/li>\n\n\n\n<li>d\u00e9finition de i) <a href=\"https:\/\/testing.delucapartners.it\/fr\/domaines-dactivites\/droit-du-travail\/\" target=\"_blank\" rel=\"noreferrer noopener\">plans d\u2019options sur actions, MBO, autres formes d&rsquo;incitation et de r\u00e9tention<\/a> ainsi que de (ii) plans de bien-\u00eatre en entreprise&nbsp;;<\/li>\n\n\n\n<li>interpr\u00e9tation et application correcte de la l\u00e9gislation en vigueur et des <a href=\"https:\/\/testing.delucapartners.it\/fr\/domaines-dactivites\/droit-du-travail\/\" target=\"_blank\" rel=\"noreferrer noopener\">conventions collectives appliqu\u00e9es<\/a>;<\/li>\n\n\n\n<li>gestion et r\u00e9solution de toutes les questions li\u00e9es \u00e0 <a href=\"https:\/\/testing.delucapartners.it\/fr\/domaines-dactivites\/droit-du-travail\/\" target=\"_blank\" rel=\"noreferrer noopener\">l&rsquo;administration du travail<\/a>, en fournissant une assistance aux soci\u00e9t\u00e9s d\u2019int\u00e9rim et aux entreprises les utilisent ;<\/li>\n\n\n\n<li>gestion des proc\u00e9dures de transfert, de d\u00e9tachement, de changement de fonctions et de niveaux, de travail agile ;<\/li>\n\n\n\n<li>r\u00e9dactions de pactes de non-concurrence, clauses de r\u00e9tention, clauses de dispense de pr\u00e9avis, parachutes dor\u00e9s, plans de stock-option, pour les cadres sup\u00e9rieurs ;<\/li>\n\n\n\n<li>pr\u00e9paration de <a href=\"https:\/\/testing.delucapartners.it\/fr\/domaines-dactivites\/conformite-responsabilite-administrative-des-personnes-morales-decret-legislatif-italien-n-231-01\/\" target=\"_blank\" rel=\"noreferrer noopener\">politiques et r\u00e8glements d\u2019entreprise, de codes d&rsquo;\u00e9thique<\/a> et disciplinaires, de proc\u00e9dures de lancement d\u2019alertes, etc. ;<\/li>\n\n\n\n<li>gestion des <a href=\"https:\/\/testing.delucapartners.it\/fr\/domaines-dactivites\/contentieux-du-droit-du-travail\/\" target=\"_blank\" rel=\"noreferrer noopener\">contentieux du travail<\/a> individuels et collectifs \u00e0 tous les niveaux et devant toutes les juridictions, civiles et administratives ;<\/li>\n\n\n\n<li>pr\u00e9paration de <a href=\"https:\/\/testing.delucapartners.it\/fr\/domaines-dactivites\/contrat-dagence\/\" target=\"_blank\" rel=\"noreferrer noopener\">contrats d&rsquo;agence<\/a> ;<\/li>\n\n\n\n<li>assistance dans le domaine de la<a href=\"https:\/\/testing.delucapartners.it\/fr\/domaines-dactivites\/la-sante-et-la-securite-au-travail\/\" target=\"_blank\" rel=\"noreferrer noopener\"> sant\u00e9 et de la s\u00e9curit\u00e9<\/a> au travail en vertu du d\u00e9cret l\u00e9gislatif italien n\u00b0 81\/2008.<\/li>\n<\/ul>\n\n\n\n<p>En outre, depuis plus de 45 ans, le <strong>Cabinet d&rsquo;avocats<\/strong> s&rsquo;occupe de tous les aspects du droit du travail et du droit syndical pour les entreprises, en fournissant une <strong>assistance juridique<\/strong> dans les domaines de <a href=\"https:\/\/testing.delucapartners.it\/fr\/domaines-dactivites\/relations-entre-partenaires-sociaux\/\" target=\"_blank\" rel=\"noreferrer noopener\">la r\u00e9organisation et la restructuration d&rsquo;entreprises<\/a>.<\/p>\n\n\n\n<h2 class=\"wp-block-heading\">CONSEILS ET ASSISTANCE POUR LA GESTION DES RELATIONS DE TRAVAIL<\/h2>\n\n\n\n<p>Ces derni\u00e8res ann\u00e9es, De Luca &amp; Partners a jou\u00e9 un r\u00f4le de premier plan aux c\u00f4t\u00e9s des entreprises dans les proc\u00e9dures de r\u00e9organisation du personnel les plus importantes de notre pays et, \u00e0 chaque fois, un accord a \u00e9t\u00e9 conclu avec les syndicats et aucun litige n&rsquo;est survenu avec les travailleurs concern\u00e9s.<br><br>En particulier, le Cabinet De Luca &amp; Partners offre une assistance juridique compl\u00e8te aux groupes et entreprises nationaux et internationaux sur tous les aspects li\u00e9s aux proc\u00e9dures de r\u00e9organisation d&rsquo;entreprise, tels que<\/p>\n\n\n\n<ul class=\"wp-block-list\">\n<li>la conception strat\u00e9gique et la mise en \u0153uvre de processus de r\u00e9duction des effectifs et de r\u00e9organisation des entreprises&nbsp;;<\/li>\n\n\n\n<li>les licenciements collectifs, les restructurations ;<\/li>\n\n\n\n<li><a href=\"https:\/\/testing.delucapartners.it\/fr\/domaines-dactivites\/prestations-en-cas-de-licenciement-economique-cigs-cigo-solidarite\/\" target=\"_blank\" rel=\"noreferrer noopener\">les amortisseurs sociaux<\/a> (Dispositif de ch\u00f4mage partiel ordinaire (<em>Cassa integrazione guadagni ordinaria<\/em> \/ CIGO) , Dispositif de ch\u00f4mage partiel extraordinaire (<em>Cassa integrazione guadagni straordinari<\/em> \/CIGS), contrats de solidarit\u00e9, etc.)&nbsp;;<\/li>\n\n\n\n<li>les transferts collectifs de personnel et l&rsquo;externalisation&nbsp;;<\/li>\n\n\n\n<li>les transferts d&rsquo;entreprises et d&rsquo;unit\u00e9s d&rsquo;exploitation, les contrats d&rsquo;harmonisation, les fusions, scissions et acquisitions&nbsp;;<\/li>\n\n\n\n<li>la gestion de crise des entreprises et les proc\u00e9dures d&rsquo;insolvabilit\u00e9&nbsp;;<\/li>\n\n\n\n<li>la gestion des relations strat\u00e9giques avec les Organisations syndicales et les Organismes publics (Minist\u00e8re du travail italien, R\u00e9gions italiennes, etc.) ;<\/li>\n\n\n\n<li>la formalisation des proc\u00e9dures ;<\/li>\n\n\n\n<li>la gestion de la communication strat\u00e9gique interne et externe dans les processus de r\u00e9organisation et de restructuration&nbsp;;<\/li>\n<\/ul>\n\n\n\n<h2 class=\"wp-block-heading\">DES JURISTES SP\u00c9CIALIS\u00c9S DANS LE DROIT DU TRAVAIL INTERNATIONAL ET DANS LE DROIT DE L&rsquo;IMMIGRATION<\/h2>\n\n\n\n<p>Les domaines d&rsquo;activit\u00e9 de De Luca &amp; Partners comprennent \u00e9galement <a href=\"https:\/\/testing.delucapartners.it\/fr\/domaines-dactivites\/droit-de-limmigration\/\" target=\"_blank\" rel=\"noreferrer noopener\">le droit de l&rsquo;immigration<\/a>. Le respect de la l\u00e9gislation internationale du travail est en effet une question qui a toujours \u00e9t\u00e9 au c\u0153ur des conseils et de l&rsquo;assistance fournis par De Luca &amp; Partners. Le Cabinet De Luca &amp; Partners assiste ses Clients dans les diff\u00e9rentes phases qui articulent la proc\u00e9dure complexe visant \u00e0 placer un travailleur dans un autre pays, en assistant les individus d\u00e8s le moment de la demande d&rsquo;acc\u00e8s \u00e0 un territoire \u00e9tranger ainsi que les employeurs dans le cadre des d\u00e9tachements et des transferts vers et depuis l&rsquo;\u00e9tranger.<br><br>En particulier, les avocats du Cabinet De Luca &amp; Partners exercent les activit\u00e9s suivantes :<\/p>\n\n\n\n<ul class=\"wp-block-list\">\n<li>gestion des op\u00e9rations de d\u00e9tachement de\/vers l&rsquo;\u00e9tranger ;<\/li>\n\n\n\n<li>r\u00e9daction de conventions et de lettres de d\u00e9tachement de l\u2019Italie et de l&rsquo;\u00e9tranger ;<\/li>\n\n\n\n<li>accomplissement des t\u00e2ches li\u00e9es \u00e0 la gestion des expatri\u00e9s de l&rsquo;Italie vers l&rsquo;\u00e9tranger et de l&rsquo;\u00e9tranger vers l&rsquo;Italie avec les diff\u00e9rentes autorit\u00e9s et organismes comp\u00e9tents ;<\/li>\n\n\n\n<li>obtention des permis n\u00e9cessaires pour l&rsquo;entr\u00e9e et le travail des employ\u00e9s non ressortissants de l&rsquo;UE, du personnel sp\u00e9cialis\u00e9 et des cadres sup\u00e9rieurs.<\/li>\n<\/ul>\n\n\n\n<p>En mati\u00e8re de conseil et d&rsquo;assistance, les avocats en droit du travail de De Luca &amp; Partners adoptent toujours une approche sur mesure, en recherchant la meilleure solution par rapport aux besoins de leurs Clients et en expliquant les r\u00e8gles du <strong>droit du travail <\/strong>de mani\u00e8re simple et claire.<\/p>\n","protected":false},"excerpt":{"rendered":"<p>DE LUCA &amp; PARTNERS : DES AVOCATS IND\u00c9PENDANTS SP\u00c9CIALIS\u00c9S DANS LE DROIT DU TRAVAIL POUR LES ENTREPRISES. BAS\u00c9 \u00c0 MILAN, PR\u00c9SENT DANS TOUTE L&rsquo;ITALIE Le Cabinet De Luca &amp; Partners est une r\u00e9f\u00e9rence en mati\u00e8re de droit du travail pour les entreprises depuis pr\u00e8s de 50 ans. Le Cabinet De Luca &amp; Partners, gr\u00e2ce \u00e0 &#8230;.<\/p>\n","protected":false},"author":1,"featured_media":0,"parent":0,"menu_order":0,"comment_status":"closed","ping_status":"closed","template":"tpl_professionisti.php","meta":{"_acf_changed":false,"footnotes":""},"class_list":["post-12209","page","type-page","status-publish","hentry"],"acf":[],"yoast_head":"<!-- This site is optimized with the Yoast SEO plugin v27.6 - https:\/\/yoast.com\/product\/yoast-seo-wordpress\/ -->\n<title>Professionnels - De Luca &amp; Partners<\/title>\n<meta name=\"robots\" content=\"noindex, follow, max-snippet:-1, max-image-preview:large, max-video-preview:-1\" \/>\n<meta property=\"og:locale\" content=\"fr_FR\" \/>\n<meta property=\"og:type\" content=\"article\" \/>\n<meta property=\"og:title\" content=\"Professionnels - De Luca &amp; Partners\" \/>\n<meta property=\"og:description\" content=\"DE LUCA &amp; PARTNERS : DES AVOCATS IND\u00c9PENDANTS SP\u00c9CIALIS\u00c9S DANS LE DROIT DU TRAVAIL POUR LES ENTREPRISES. BAS\u00c9 \u00c0 MILAN, PR\u00c9SENT DANS TOUTE L&rsquo;ITALIE Le Cabinet De Luca &amp; Partners est une r\u00e9f\u00e9rence en mati\u00e8re de droit du travail pour les entreprises depuis pr\u00e8s de 50 ans. Le Cabinet De Luca &amp; Partners, gr\u00e2ce \u00e0 ....\" \/>\n<meta property=\"og:url\" content=\"https:\/\/testing.delucapartners.it\/fr\/professionnels\/\" \/>\n<meta property=\"og:site_name\" content=\"De Luca &amp; Partners\" \/>\n<meta property=\"article:modified_time\" content=\"2024-07-04T08:38:33+00:00\" \/>\n<meta name=\"twitter:card\" content=\"summary_large_image\" \/>\n<meta name=\"twitter:label1\" content=\"Dur\u00e9e de lecture estim\u00e9e\" \/>\n\t<meta name=\"twitter:data1\" content=\"5 minutes\" \/>\n<script type=\"application\/ld+json\" class=\"yoast-schema-graph\">{\"@context\":\"https:\\\/\\\/schema.org\",\"@graph\":[{\"@type\":\"WebPage\",\"@id\":\"https:\\\/\\\/testing.delucapartners.it\\\/fr\\\/professionnels\\\/\",\"url\":\"https:\\\/\\\/testing.delucapartners.it\\\/fr\\\/professionnels\\\/\",\"name\":\"Professionnels - De Luca &amp; Partners\",\"isPartOf\":{\"@id\":\"https:\\\/\\\/testing.delucapartners.it\\\/fr\\\/#website\"},\"datePublished\":\"2021-10-29T12:55:41+00:00\",\"dateModified\":\"2024-07-04T08:38:33+00:00\",\"breadcrumb\":{\"@id\":\"https:\\\/\\\/testing.delucapartners.it\\\/fr\\\/professionnels\\\/#breadcrumb\"},\"inLanguage\":\"fr-FR\",\"potentialAction\":[{\"@type\":\"ReadAction\",\"target\":[\"https:\\\/\\\/testing.delucapartners.it\\\/fr\\\/professionnels\\\/\"]}]},{\"@type\":\"BreadcrumbList\",\"@id\":\"https:\\\/\\\/testing.delucapartners.it\\\/fr\\\/professionnels\\\/#breadcrumb\",\"itemListElement\":[{\"@type\":\"ListItem\",\"position\":1,\"name\":\"Home\",\"item\":\"https:\\\/\\\/testing.delucapartners.it\\\/fr\\\/\"},{\"@type\":\"ListItem\",\"position\":2,\"name\":\"Professionnels\"}]},{\"@type\":\"WebSite\",\"@id\":\"https:\\\/\\\/testing.delucapartners.it\\\/fr\\\/#website\",\"url\":\"https:\\\/\\\/testing.delucapartners.it\\\/fr\\\/\",\"name\":\"De Luca &amp; Partners\",\"description\":\"\",\"publisher\":{\"@id\":\"https:\\\/\\\/testing.delucapartners.it\\\/fr\\\/#organization\"},\"potentialAction\":[{\"@type\":\"SearchAction\",\"target\":{\"@type\":\"EntryPoint\",\"urlTemplate\":\"https:\\\/\\\/testing.delucapartners.it\\\/fr\\\/?s={search_term_string}\"},\"query-input\":{\"@type\":\"PropertyValueSpecification\",\"valueRequired\":true,\"valueName\":\"search_term_string\"}}],\"inLanguage\":\"fr-FR\"},{\"@type\":\"Organization\",\"@id\":\"https:\\\/\\\/testing.delucapartners.it\\\/fr\\\/#organization\",\"name\":\"De Luca & Partners\",\"url\":\"https:\\\/\\\/testing.delucapartners.it\\\/fr\\\/\",\"logo\":{\"@type\":\"ImageObject\",\"inLanguage\":\"fr-FR\",\"@id\":\"https:\\\/\\\/testing.delucapartners.it\\\/fr\\\/#\\\/schema\\\/logo\\\/image\\\/\",\"url\":\"https:\\\/\\\/testing.delucapartners.it\\\/wp-content\\\/uploads\\\/2022\\\/09\\\/Logo-De-Luca-Partners-extended@2x.png\",\"contentUrl\":\"https:\\\/\\\/testing.delucapartners.it\\\/wp-content\\\/uploads\\\/2022\\\/09\\\/Logo-De-Luca-Partners-extended@2x.png\",\"width\":733,\"height\":84,\"caption\":\"De Luca & Partners\"},\"image\":{\"@id\":\"https:\\\/\\\/testing.delucapartners.it\\\/fr\\\/#\\\/schema\\\/logo\\\/image\\\/\"}}]}<\/script>\n<!-- \/ Yoast SEO plugin. -->","yoast_head_json":{"title":"Professionnels - De Luca &amp; Partners","robots":{"index":"noindex","follow":"follow","max-snippet":"max-snippet:-1","max-image-preview":"max-image-preview:large","max-video-preview":"max-video-preview:-1"},"og_locale":"fr_FR","og_type":"article","og_title":"Professionnels - De Luca &amp; Partners","og_description":"DE LUCA &amp; PARTNERS : DES AVOCATS IND\u00c9PENDANTS SP\u00c9CIALIS\u00c9S DANS LE DROIT DU TRAVAIL POUR LES ENTREPRISES. BAS\u00c9 \u00c0 MILAN, PR\u00c9SENT DANS TOUTE L&rsquo;ITALIE Le Cabinet De Luca &amp; Partners est une r\u00e9f\u00e9rence en mati\u00e8re de droit du travail pour les entreprises depuis pr\u00e8s de 50 ans. Le Cabinet De Luca &amp; Partners, gr\u00e2ce \u00e0 ....","og_url":"https:\/\/testing.delucapartners.it\/fr\/professionnels\/","og_site_name":"De Luca &amp; Partners","article_modified_time":"2024-07-04T08:38:33+00:00","twitter_card":"summary_large_image","twitter_misc":{"Dur\u00e9e de lecture estim\u00e9e":"5 minutes"},"schema":{"@context":"https:\/\/schema.org","@graph":[{"@type":"WebPage","@id":"https:\/\/testing.delucapartners.it\/fr\/professionnels\/","url":"https:\/\/testing.delucapartners.it\/fr\/professionnels\/","name":"Professionnels - De Luca &amp; Partners","isPartOf":{"@id":"https:\/\/testing.delucapartners.it\/fr\/#website"},"datePublished":"2021-10-29T12:55:41+00:00","dateModified":"2024-07-04T08:38:33+00:00","breadcrumb":{"@id":"https:\/\/testing.delucapartners.it\/fr\/professionnels\/#breadcrumb"},"inLanguage":"fr-FR","potentialAction":[{"@type":"ReadAction","target":["https:\/\/testing.delucapartners.it\/fr\/professionnels\/"]}]},{"@type":"BreadcrumbList","@id":"https:\/\/testing.delucapartners.it\/fr\/professionnels\/#breadcrumb","itemListElement":[{"@type":"ListItem","position":1,"name":"Home","item":"https:\/\/testing.delucapartners.it\/fr\/"},{"@type":"ListItem","position":2,"name":"Professionnels"}]},{"@type":"WebSite","@id":"https:\/\/testing.delucapartners.it\/fr\/#website","url":"https:\/\/testing.delucapartners.it\/fr\/","name":"De Luca &amp; Partners","description":"","publisher":{"@id":"https:\/\/testing.delucapartners.it\/fr\/#organization"},"potentialAction":[{"@type":"SearchAction","target":{"@type":"EntryPoint","urlTemplate":"https:\/\/testing.delucapartners.it\/fr\/?s={search_term_string}"},"query-input":{"@type":"PropertyValueSpecification","valueRequired":true,"valueName":"search_term_string"}}],"inLanguage":"fr-FR"},{"@type":"Organization","@id":"https:\/\/testing.delucapartners.it\/fr\/#organization","name":"De Luca & Partners","url":"https:\/\/testing.delucapartners.it\/fr\/","logo":{"@type":"ImageObject","inLanguage":"fr-FR","@id":"https:\/\/testing.delucapartners.it\/fr\/#\/schema\/logo\/image\/","url":"https:\/\/testing.delucapartners.it\/wp-content\/uploads\/2022\/09\/Logo-De-Luca-Partners-extended@2x.png","contentUrl":"https:\/\/testing.delucapartners.it\/wp-content\/uploads\/2022\/09\/Logo-De-Luca-Partners-extended@2x.png","width":733,"height":84,"caption":"De Luca & Partners"},"image":{"@id":"https:\/\/testing.delucapartners.it\/fr\/#\/schema\/logo\/image\/"}}]}},"_links":{"self":[{"href":"https:\/\/testing.delucapartners.it\/fr\/wp-json\/wp\/v2\/pages\/12209","targetHints":{"allow":["GET"]}}],"collection":[{"href":"https:\/\/testing.delucapartners.it\/fr\/wp-json\/wp\/v2\/pages"}],"about":[{"href":"https:\/\/testing.delucapartners.it\/fr\/wp-json\/wp\/v2\/types\/page"}],"author":[{"embeddable":true,"href":"https:\/\/testing.delucapartners.it\/fr\/wp-json\/wp\/v2\/users\/1"}],"replies":[{"embeddable":true,"href":"https:\/\/testing.delucapartners.it\/fr\/wp-json\/wp\/v2\/comments?post=12209"}],"version-history":[{"count":9,"href":"https:\/\/testing.delucapartners.it\/fr\/wp-json\/wp\/v2\/pages\/12209\/revisions"}],"predecessor-version":[{"id":18663,"href":"https:\/\/testing.delucapartners.it\/fr\/wp-json\/wp\/v2\/pages\/12209\/revisions\/18663"}],"wp:attachment":[{"href":"https:\/\/testing.delucapartners.it\/fr\/wp-json\/wp\/v2\/media?parent=12209"}],"curies":[{"name":"wp","href":"https:\/\/api.w.org\/{rel}","templated":true}]}}